{"id":279,"date":"2024-02-08T13:51:13","date_gmt":"2024-02-08T13:51:13","guid":{"rendered":"https:\/\/kunstam.karlsgymnasium.org\/?page_id=279"},"modified":"2024-06-27T12:41:22","modified_gmt":"2024-06-27T12:41:22","slug":"photokurs","status":"publish","type":"page","link":"https:\/\/kunst.am.karlsgymnasium.org\/index.php\/photokurs\/","title":{"rendered":"Photokurs"},"content":{"rendered":"\n<figure class=\"wp-block-pullquote\"><blockquote><p>Gro\u00dfer Beliebtheit erfreut sich unser Photokurs, der mittlerweile \u00fcber zwei Jahrzehnte Tradition an der Schule hat. In einer w\u00f6chentlichen bis monatlichen Zusammenkunft erarbeiten die Sch\u00fclerinnen und Sch\u00fcler Grundlagen in der Theorie rund um die Kunst der Photographie. Neu erlernte F\u00e4higkeiten k\u00f6nnen sie in eigene Arbeiten einflie\u00dfen lassen, ein wichtiger Bestandteil ist hier die gemeinsame Reflexion und Diskussion im Plenum. Regelm\u00e4\u00dfige Exkursionen zu spannenden Lokalit\u00e4ten und der Besuch von Photoausstellungen bereichern den Kurs und bieten abwechslungsreiche Herausforderungen. Ein besonderes Highlight ist das schuleigene Photolabor, das den Teilnehmerinnen und Teilnehmern erm\u00f6glicht, den traditionellen Entwicklungsprozess eines Photos nachzuvollziehen.<\/p><\/blockquote><\/figure>\n<div class=\"bm-builder clearfix \"><div id=\"\" class=\"module col-12 module-id-1715862650698\" data-module-col=\"12\"><div class=\"module-inside masonry-grid-inside\" style=\"--top-mod: 0px;--bottom-mod: 0px;--top-mod-t: 0px;--bottom-mod-t: 0px;--top-mod-m:0px;--bottom-mod-m:0px;\" ><div class=\"ux-portfolio-full bm-masonry-grid \" data-found=\"0\" data-number=\"-1\"><div class=\"grid-stack grid-stack-1715862650698       hidden   \" data-spacing-h=\"0\" data-spacing-v=\"0\" data-spacing-mobile-h=\"0\" data-spacing-mobile-v=\"0\" data-item-style=\"\" data-number=\"-1\" data-unique=\"1715862650698\" ><\/div><\/div><\/div><\/div><div id=\"\" class=\"module col-12 module-id-1715862675801\" data-module-col=\"12\"><div class=\"module-inside embed-inside\" style=\"--top-mod: 0px;--bottom-mod: 0px;--top-mod-t: 0px;--bottom-mod-t: 0px;--top-mod-m:0px;--bottom-mod-m:0px;\" ><div class=\"embed-wrap  \" style=\"\" data-animation=\"fadein\"><\/div><\/div><\/div><div id=\"\" class=\"module col-12 module-id-1719491121642\" data-module-col=\"12\"><div class=\"module-inside embed-inside\" style=\"--cornerRadius:0px 0px 0px 0px ; --top-mod: 0px;--bottom-mod: 0px;--top-mod-t: 0px;--bottom-mod-t: 0px;--top-mod-m:0px;--bottom-mod-m:0px;\" ><div class=\"embed-wrap  \" style=\"\" ><div class=\"embed-hostedvideo-wrap  \" style=\"\"><video class=\"embed-hostedvideo lazy\" poster=\"\" playsinline loop ><source data-src=\"https:\/\/kunst.am.karlsgymnasium.org\/wp-content\/uploads\/2024\/06\/Oktoberfest.mp4\" type=\"video\/mp4\"><\/video><div class=\"hostedvideo-plays-btn\"><svg fill=\"#555\" class=\"hostedvideo-svg-play\" height=\"48\" viewBox=\"0 0 48 48\" width=\"48\" xmlns=\"http:\/\/www.w3.org\/2000\/svg\"><path d=\"M-838-2232H562v3600H-838z\" fill=\"none\"><\/path><path d=\"M16 10v28l22-14z\"><\/path><path d=\"M0 0h48v48H0z\" fill=\"none\"><\/path><\/svg><svg fill=\"#555\" class=\"hostedvideo-svg-pause\" height=\"48\" viewBox=\"0 0 48 48\" width=\"48\" xmlns=\"http:\/\/www.w3.org\/2000\/svg\"><path d=\"M12 38h8V10h-8v28zm16-28v28h8V10h-8z\"><\/path><path d=\"M0 0h48v48H0z\" fill=\"none\"><\/path><\/svg><\/div><div class=\"hostedvideo-mute-btn\" style=\"--muteBtnColor:#555\"><svg fill=\"#555\" class=\"hostedvideo-svg-mute\" height=\"48\" version=\"1.1\" viewBox=\"0 0 48 48\" width=\"48\" xml:space=\"preserve\" xmlns=\"http:\/\/www.w3.org\/2000\/svg\"><path d=\"M23.727 16.403v24.134a8.296 8.296 0 0 0-4.35-1.233c-4.612 0-8.353 3.74-8.353 8.349a8.354 8.354 0 0 0 8.353 8.354c4.61 0 8.349-3.739 8.35-8.352V25.151l21.25-6.109V33.33a8.296 8.296 0 0 0-4.35-1.233c-4.614 0-8.353 3.739-8.353 8.348a8.354 8.354 0 0 0 8.353 8.354c4.344 0 7.914-3.325 8.31-7.57h.04V7.993l-29.25 8.41z\"><\/path><\/svg><\/div><\/div><\/div><\/div><\/div><div id=\"\" class=\"module col-12 module-id-1719491324532\" data-module-col=\"12\"><div class=\"module-inside text-inside\" style=\"--top-mod: 0px;--bottom-mod: 0px;--top-mod-t: 0px;--bottom-mod-t: 0px;--top-mod-m:0px;--bottom-mod-m:0px;\" ><div class=\"text_block_out\"  data-effect=\"standard\" style=\"\"><div class=\"text_block ux-mod-nobg\"><div class=\"text_block_inn\"><div id=\"text-1719491324532\" class=\"text_block_centered text_block_centered_enable_width\"  style=\"\"><p>&nbsp;<\/p>\n<p>&nbsp;<\/p>\n<p>&nbsp;<\/p>\n<p>&nbsp;<\/p><\/div><\/div><\/div><\/div><\/div><\/div><div id=\"\" class=\"module col-12 module-id-1719491265123\" data-module-col=\"12\"><div class=\"module-inside embed-inside\" style=\"--cornerRadius:0px 0px 0px 0px ; --top-mod: 0px;--bottom-mod: 0px;--top-mod-t: 0px;--bottom-mod-t: 0px;--top-mod-m:0px;--bottom-mod-m:0px;\" ><div class=\"embed-wrap  \" style=\"\" ><div class=\"embed-hostedvideo-wrap  \" style=\"\"><video class=\"embed-hostedvideo lazy\" poster=\"\" playsinline loop ><source data-src=\"https:\/\/kunst.am.karlsgymnasium.org\/wp-content\/uploads\/2024\/06\/Auer-Dult-bearbeitet-4.mp4\" type=\"video\/mp4\"><\/video><div class=\"hostedvideo-plays-btn\"><svg fill=\"#555\" class=\"hostedvideo-svg-play\" height=\"48\" viewBox=\"0 0 48 48\" width=\"48\" xmlns=\"http:\/\/www.w3.org\/2000\/svg\"><path d=\"M-838-2232H562v3600H-838z\" fill=\"none\"><\/path><path d=\"M16 10v28l22-14z\"><\/path><path d=\"M0 0h48v48H0z\" fill=\"none\"><\/path><\/svg><svg fill=\"#555\" class=\"hostedvideo-svg-pause\" height=\"48\" viewBox=\"0 0 48 48\" width=\"48\" xmlns=\"http:\/\/www.w3.org\/2000\/svg\"><path d=\"M12 38h8V10h-8v28zm16-28v28h8V10h-8z\"><\/path><path d=\"M0 0h48v48H0z\" fill=\"none\"><\/path><\/svg><\/div><div class=\"hostedvideo-mute-btn\" style=\"--muteBtnColor:#555\"><svg fill=\"#555\" class=\"hostedvideo-svg-mute\" height=\"48\" version=\"1.1\" viewBox=\"0 0 48 48\" width=\"48\" xml:space=\"preserve\" xmlns=\"http:\/\/www.w3.org\/2000\/svg\"><path d=\"M23.727 16.403v24.134a8.296 8.296 0 0 0-4.35-1.233c-4.612 0-8.353 3.74-8.353 8.349a8.354 8.354 0 0 0 8.353 8.354c4.61 0 8.349-3.739 8.35-8.352V25.151l21.25-6.109V33.33a8.296 8.296 0 0 0-4.35-1.233c-4.614 0-8.353 3.739-8.353 8.348a8.354 8.354 0 0 0 8.353 8.354c4.344 0 7.914-3.325 8.31-7.57h.04V7.993l-29.25 8.41z\"><\/path><\/svg><\/div><\/div><\/div><\/div><\/div><\/div>","protected":false},"excerpt":{"rendered":"<p>Gro\u00dfer Beliebtheit erfreut sich unser Photokurs, der mittlerweile \u00fcber zwei &hellip;<\/p>\n","protected":false},"author":1,"featured_media":0,"parent":0,"menu_order":0,"comment_status":"closed","ping_status":"closed","template":"","meta":{"inline_featured_image":false,"footnotes":""},"class_list":["post-279","page","type-page","status-publish","hentry"],"_links":{"self":[{"href":"https:\/\/kunst.am.karlsgymnasium.org\/index.php\/wp-json\/wp\/v2\/pages\/279","targetHints":{"allow":["GET"]}}],"collection":[{"href":"https:\/\/kunst.am.karlsgymnasium.org\/index.php\/wp-json\/wp\/v2\/pages"}],"about":[{"href":"https:\/\/kunst.am.karlsgymnasium.org\/index.php\/wp-json\/wp\/v2\/types\/page"}],"author":[{"embeddable":true,"href":"https:\/\/kunst.am.karlsgymnasium.org\/index.php\/wp-json\/wp\/v2\/users\/1"}],"replies":[{"embeddable":true,"href":"https:\/\/kunst.am.karlsgymnasium.org\/index.php\/wp-json\/wp\/v2\/comments?post=279"}],"version-history":[{"count":19,"href":"https:\/\/kunst.am.karlsgymnasium.org\/index.php\/wp-json\/wp\/v2\/pages\/279\/revisions"}],"predecessor-version":[{"id":829,"href":"https:\/\/kunst.am.karlsgymnasium.org\/index.php\/wp-json\/wp\/v2\/pages\/279\/revisions\/829"}],"wp:attachment":[{"href":"https:\/\/kunst.am.karlsgymnasium.org\/index.php\/wp-json\/wp\/v2\/media?parent=279"}],"curies":[{"name":"wp","href":"https:\/\/api.w.org\/{rel}","templated":true}]}}