{"id":169,"date":"2024-02-08T13:40:32","date_gmt":"2024-02-08T13:40:32","guid":{"rendered":"https:\/\/kunstam.karlsgymnasium.org\/?page_id=169"},"modified":"2024-02-08T13:40:32","modified_gmt":"2024-02-08T13:40:32","slug":"empfehlungen","status":"publish","type":"page","link":"https:\/\/kunst.am.karlsgymnasium.org\/index.php\/empfehlungen\/","title":{"rendered":"Empfehlungen"},"content":{"rendered":"<div class=\"bm-builder clearfix \"><div id=\"\" class=\"module col-12 module-id-1711028747343\" data-module-col=\"12\"><div class=\"module-inside text-inside\" style=\"--top-mod: 0px;--bottom-mod: 0px;--top-mod-t: 0px;--bottom-mod-t: 0px;--top-mod-m:0px;--bottom-mod-m:0px;\" ><div class=\"text_block_out\"  data-effect=\"standard\" style=\"\"><div class=\"text_block ux-mod-nobg\"><div class=\"text_block_inn\"><div id=\"text-1711028747343\" class=\"text_block_centered text_block_centered_enable_width\"  style=\"\"><h1 style=\"text-align: center;\"><span style=\"font-size: 46px;\">Empfehlungen der Fachschaft<\/span><\/h1><\/div><\/div><\/div><\/div><\/div><\/div><div id=\"\" class=\"module col-8 module-id-1711028606519 col-offset-3\" data-module-col=\"8\"><div class=\"module-inside text-inside\" style=\"--top-mod: 40px;--bottom-mod: 0px;--top-mod-t: 40px;--bottom-mod-t: 0px;--top-mod-m:20px;--bottom-mod-m:0px;\" ><div class=\"text_block_out\"  data-effect=\"standard\" style=\"\"><div class=\"text_block ux-mod-nobg\"><div class=\"text_block_inn\"><div id=\"text-1711028606519\" class=\"text_block_centered text_block_centered_enable_width\"  style=\"\"><ul>\n<li style=\"text-align: left;\"><span style=\"font-size: 24px;\"><a class=\"\" href=\"http:\/\/pinakothek-der-moderne.de\" target=\"_blank\" rel=\"noopener\"><span style=\"color: #1e90ff;\">Pinakothek der Moderne M\u00fcnchen<\/span><\/a><\/span><\/li>\n<li style=\"text-align: left;\"><span style=\"font-size: 24px;\"><a class=\"\" href=\"https:\/\/www.pinakothek.de\/de\/besuch\/neue-pinakothek\" target=\"_blank\" rel=\"noopener\"><span style=\"color: #1e90ff;\">Neue Pinakothek<\/span><\/a><\/span><\/li>\n<li style=\"text-align: left;\"><span style=\"font-size: 24px;\"><span style=\"color: #ff6600;\"><a class=\"\" style=\"color: #1e90ff;\" href=\"https:\/\/www.pinakothek.de\/de\/besuch\/alte-pinakothek\" target=\"_blank\" rel=\"noopener\">Alte Pinakothek<\/a><\/span><\/span><\/li>\n<li style=\"text-align: left;\"><span style=\"font-size: 24px;\"><span style=\"color: #ff6600;\"><a class=\"\" style=\"color: #1e90ff;\" href=\"https:\/\/www.hausderkunst.de\/\" target=\"_blank\" rel=\"noopener\">Museum f\u00fcr zeitgen\u00f6ssische Kunst in M\u00fcnchen<\/a><\/span><\/span><\/li>\n<li style=\"text-align: left;\"><span style=\"font-size: 24px;\"><span style=\"color: #ff6600;\"><a class=\"\" style=\"color: #1e90ff;\" href=\"https:\/\/www.kunsthalle-muc.de\/\" target=\"_blank\" rel=\"noopener\">Kunsthalle M\u00fcnchen<\/a><\/span><\/span><\/li>\n<li style=\"text-align: left;\"><span style=\"font-size: 24px;\"><span style=\"color: #ff6600;\"><a class=\"\" style=\"color: #1e90ff;\" href=\"https:\/\/www.versicherungskammer-kulturstiftung.de\/kunstfoyer\/\" target=\"_blank\" rel=\"noopener\">Kunstfoyer<\/a><\/span><\/span><\/li>\n<li style=\"text-align: left;\"><span style=\"font-size: 24px;\"><span style=\"color: #ff6600;\"><a class=\"\" style=\"color: #1e90ff;\" href=\"https:\/\/www.versicherungskammer-kulturstiftung.de\/kunstfoyer\/\" target=\"_blank\" rel=\"noopener\">Versicherungskammer Kulturstiftung<\/a><\/span><\/span><\/li>\n<li style=\"text-align: left;\"><span style=\"font-size: 24px;\"><span style=\"color: #ff6600;\"><a class=\"\" style=\"color: #1e90ff;\" href=\"https:\/\/www.villastuck.de\/\" target=\"_blank\" rel=\"noopener\">Villa Stuck<\/a><\/span><\/span><\/li>\n<li style=\"text-align: left;\">YouTube-Playlist: <span style=\"color: #00ccff;\"><a class=\"\" style=\"color: #1e90ff;\" href=\"https:\/\/youtube.com\/playlist?list=PLSE9ekZOn3XGUYHkrxkv6dH53gPaYL5Rr&amp;feature=shared\" target=\"_blank\" rel=\"noopener\">Europ\u00e4ische Kunststil-Epochen<\/a><\/span><\/li>\n<\/ul><\/div><\/div><\/div><\/div><\/div><\/div><\/div>","protected":false},"excerpt":{"rendered":"<p>Empfehlungen der Fachschaft Pinakothek der Moderne M\u00fcnchen Neue Pinakothek Alte &hellip;<\/p>\n","protected":false},"author":1,"featured_media":0,"parent":0,"menu_order":0,"comment_status":"closed","ping_status":"closed","template":"","meta":{"inline_featured_image":false,"footnotes":""},"class_list":["post-169","page","type-page","status-publish","hentry"],"_links":{"self":[{"href":"https:\/\/kunst.am.karlsgymnasium.org\/index.php\/wp-json\/wp\/v2\/pages\/169","targetHints":{"allow":["GET"]}}],"collection":[{"href":"https:\/\/kunst.am.karlsgymnasium.org\/index.php\/wp-json\/wp\/v2\/pages"}],"about":[{"href":"https:\/\/kunst.am.karlsgymnasium.org\/index.php\/wp-json\/wp\/v2\/types\/page"}],"author":[{"embeddable":true,"href":"https:\/\/kunst.am.karlsgymnasium.org\/index.php\/wp-json\/wp\/v2\/users\/1"}],"replies":[{"embeddable":true,"href":"https:\/\/kunst.am.karlsgymnasium.org\/index.php\/wp-json\/wp\/v2\/comments?post=169"}],"version-history":[{"count":1,"href":"https:\/\/kunst.am.karlsgymnasium.org\/index.php\/wp-json\/wp\/v2\/pages\/169\/revisions"}],"predecessor-version":[{"id":171,"href":"https:\/\/kunst.am.karlsgymnasium.org\/index.php\/wp-json\/wp\/v2\/pages\/169\/revisions\/171"}],"wp:attachment":[{"href":"https:\/\/kunst.am.karlsgymnasium.org\/index.php\/wp-json\/wp\/v2\/media?parent=169"}],"curies":[{"name":"wp","href":"https:\/\/api.w.org\/{rel}","templated":true}]}}